{"id":90,"date":"2024-02-29T21:27:53","date_gmt":"2024-02-29T21:27:53","guid":{"rendered":"https:\/\/fama-bau.de\/?page_id=90"},"modified":"2024-02-29T21:27:53","modified_gmt":"2024-02-29T21:27:53","slug":"impressum","status":"publish","type":"page","link":"https:\/\/fama-bau.de\/?page_id=90","title":{"rendered":"Impressum"},"content":{"rendered":"\n<p><br>Wir sind Ihr zuverl\u00e4ssiger Partner f\u00fcr Trockenbau, Sanit\u00e4rinstallationen und die Gestaltung<br>atemberaubender Au\u00dfenanlagen. Mit einem engagierten Team von Fachleuten bieten wir eine breite<br>Palette von Dienstleistungen an, die darauf abzielen, Ihre Wohn- und Arbeitsr\u00e4ume zu verwandeln und Ihren<br>individuellen Bed\u00fcrfnissen gerecht zu werden.<\/p>\n\n\n\n<p>Fabian Mazur<br>Jungfernheideweg 49<br>13629 Berlin<\/p>\n\n\n\n<h3 class=\"wp-block-heading\"><br>Kontakt<\/h3>\n\n\n\n<p><br>Telefon: +49 151 29843500<br>E-Mail: kontakt@fama-bau.de<br><\/p>\n\n\n\n<h3 class=\"wp-block-heading\">Verbraucherstreitbeilegung\/Universalschlichtungsstelle<\/h3>\n\n\n\n<p><br>Wir sind nicht bereit oder verpflichtet, an Streitbeilegungsverfahren vor einer<br>Verbraucherschlichtungsstelle teilzunehmen.<br><\/p>\n\n\n\n<p>Quelle: e-recht24.de<br><\/p>\n","protected":false},"excerpt":{"rendered":"<p>Wir sind Ihr zuverl\u00e4ssiger Partner f\u00fcr Trockenbau, Sanit\u00e4rinstallationen und die Gestaltungatemberaubender Au\u00dfenanlagen. Mit einem engagierten Team von Fachleuten bieten wir eine breitePalette von Dienstleistungen an, die darauf abzielen, Ihre Wohn- und Arbeitsr\u00e4ume zu verwandeln und Ihrenindividuellen Bed\u00fcrfnissen gerecht zu werden. Fabian MazurJungfernheideweg 4913629 Berlin Kontakt Telefon: +49 151 29843500E-Mail: kontakt@fama-bau.de&#8230;<\/p>\n","protected":false},"author":1,"featured_media":0,"parent":0,"menu_order":0,"comment_status":"closed","ping_status":"closed","template":"","meta":{"footnotes":""},"class_list":["post-90","page","type-page","status-publish","hentry"],"_links":{"self":[{"href":"https:\/\/fama-bau.de\/index.php?rest_route=\/wp\/v2\/pages\/90","targetHints":{"allow":["GET"]}}],"collection":[{"href":"https:\/\/fama-bau.de\/index.php?rest_route=\/wp\/v2\/pages"}],"about":[{"href":"https:\/\/fama-bau.de\/index.php?rest_route=\/wp\/v2\/types\/page"}],"author":[{"embeddable":true,"href":"https:\/\/fama-bau.de\/index.php?rest_route=\/wp\/v2\/users\/1"}],"replies":[{"embeddable":true,"href":"https:\/\/fama-bau.de\/index.php?rest_route=%2Fwp%2Fv2%2Fcomments&post=90"}],"version-history":[{"count":0,"href":"https:\/\/fama-bau.de\/index.php?rest_route=\/wp\/v2\/pages\/90\/revisions"}],"wp:attachment":[{"href":"https:\/\/fama-bau.de\/index.php?rest_route=%2Fwp%2Fv2%2Fmedia&parent=90"}],"curies":[{"name":"wp","href":"https:\/\/api.w.org\/{rel}","templated":true}]}}