{"id":69,"date":"2024-02-29T20:54:02","date_gmt":"2024-02-29T20:54:02","guid":{"rendered":"https:\/\/fama-bau.de\/?page_id=69"},"modified":"2024-03-27T22:32:13","modified_gmt":"2024-03-27T22:32:13","slug":"willkommen-bei-fama-bau-ihrem-experten-fuer-umfassende-bauleistungen","status":"publish","type":"page","link":"https:\/\/fama-bau.de\/","title":{"rendered":"Willkommen bei FaMa-Bau \u2013 Ihrem Experten f\u00fcr umfassende Bauleistungen!"},"content":{"rendered":"\n<p>Wir sind Ihr zuverl\u00e4ssiger Partner f\u00fcr Trockenbau, Sanit\u00e4rinstallationen und die Gestaltung atemberaubender Au\u00dfenanlagen. Mit einem engagierten Team von Fachleuten bieten wir eine breite Palette von Dienstleistungen an, die darauf abzielen, Ihre Wohn- und Arbeitsr\u00e4ume zu verwandeln und Ihren individuellen Bed\u00fcrfnissen gerecht zu werden.<\/p>\n\n\n\n<h2 class=\"wp-block-heading\">Unsere Leistungen umfassen<\/h2>\n\n\n\n<p><strong>Trockenbau:<\/strong> Von Raumteilern \u00fcber Deckenverkleidungen bis hin zu Wandverkleidungen \u2013 wir schaffen flexible und \u00e4sthetisch ansprechende R\u00e4ume, die Ihren Anforderungen entsprechen.<\/p>\n\n\n\n<p><strong>Sanit\u00e4rinstallationen:<\/strong> Wir bieten professionelle Installationen von Sanit\u00e4ranlagen, Armaturen und Rohrleitungen, um h\u00f6chsten Komfort und Funktionalit\u00e4t in Ihrem Zuhause oder Gesch\u00e4ft zu gew\u00e4hrleisten.<\/p>\n\n\n\n<p><strong>Bodenbel\u00e4ge:<\/strong> Verlassen Sie sich auf unsere Expertise beim Verlegen von Fliesen, Laminat und Parkett, um jedem Raum einen stilvollen und strapazierf\u00e4higen Boden zu verleihen.<\/p>\n\n\n\n<p><strong>Au\u00dfenanlagen:<\/strong> Vom Pflastern von Wegen \u00fcber den Bau von Carports bis hin zur Gestaltung von Terrassen \u2013 wir verwandeln Ihren Au\u00dfenbereich in eine Oase der Entspannung und Sch\u00f6nheit.<\/p>\n\n\n\n<div class=\"wp-block-buttons alignfull is-content-justification-center is-layout-flex wp-container-core-buttons-is-layout-16018d1d wp-block-buttons-is-layout-flex\">\n<div class=\"wp-block-button\"><a class=\"wp-block-button__link wp-element-button\" href=\"https:\/\/fama-bau.de\/?page_id=118\">Hier finden sie Impressionen von einigen unserer Projekte<\/a><\/div>\n<\/div>\n\n\n\n<p>Bei FaMa-Bau stehen Qualit\u00e4t, Zuverl\u00e4ssigkeit und Kundenzufriedenheit an erster Stelle. Wir arbeiten eng mit Ihnen zusammen, um Ihre Visionen zu verwirklichen und Projekte termingerecht und budgetgerecht abzuschlie\u00dfen.<\/p>\n\n\n\n<p>Kontaktieren Sie uns noch heute, um mehr dar\u00fcber zu erfahren, wie wir Ihnen helfen k\u00f6nnen, Ihr Zuhause oder Ihr Gesch\u00e4ft zu verbessern. Wir freuen uns darauf, von Ihnen zu h\u00f6ren und Ihre Bauprojekte zum Leben zu erwecken!&#8220;<\/p>\n","protected":false},"excerpt":{"rendered":"<p>Wir sind Ihr zuverl\u00e4ssiger Partner f\u00fcr Trockenbau, Sanit\u00e4rinstallationen und die Gestaltung atemberaubender Au\u00dfenanlagen. Mit einem engagierten Team von Fachleuten bieten wir eine breite Palette von Dienstleistungen an, die darauf abzielen, Ihre Wohn- und Arbeitsr\u00e4ume zu verwandeln und Ihren individuellen Bed\u00fcrfnissen gerecht zu werden. Unsere Leistungen umfassen Trockenbau: Von Raumteilern \u00fcber&#8230;<\/p>\n","protected":false},"author":1,"featured_media":0,"parent":0,"menu_order":0,"comment_status":"closed","ping_status":"closed","template":"","meta":{"footnotes":""},"class_list":["post-69","page","type-page","status-publish","hentry"],"_links":{"self":[{"href":"https:\/\/fama-bau.de\/index.php?rest_route=\/wp\/v2\/pages\/69","targetHints":{"allow":["GET"]}}],"collection":[{"href":"https:\/\/fama-bau.de\/index.php?rest_route=\/wp\/v2\/pages"}],"about":[{"href":"https:\/\/fama-bau.de\/index.php?rest_route=\/wp\/v2\/types\/page"}],"author":[{"embeddable":true,"href":"https:\/\/fama-bau.de\/index.php?rest_route=\/wp\/v2\/users\/1"}],"replies":[{"embeddable":true,"href":"https:\/\/fama-bau.de\/index.php?rest_route=%2Fwp%2Fv2%2Fcomments&post=69"}],"version-history":[{"count":0,"href":"https:\/\/fama-bau.de\/index.php?rest_route=\/wp\/v2\/pages\/69\/revisions"}],"wp:attachment":[{"href":"https:\/\/fama-bau.de\/index.php?rest_route=%2Fwp%2Fv2%2Fmedia&parent=69"}],"curies":[{"name":"wp","href":"https:\/\/api.w.org\/{rel}","templated":true}]}}